{"id":5478,"date":"2022-12-08T11:48:33","date_gmt":"2022-12-08T09:48:33","guid":{"rendered":"https:\/\/camping-estonia.ee\/kampingud\/"},"modified":"2022-12-08T11:57:39","modified_gmt":"2022-12-08T09:57:39","slug":"kampingud","status":"publish","type":"page","link":"https:\/\/camping-estonia.ee\/fi\/kampingud\/","title":{"rendered":"Leirint\u00e4alueet"},"content":{"rendered":"<div class=\"wpb-content-wrapper\"><p>[vc_row full_width=&#8221;stretch_row_content_no_spaces&#8221; css=&#8221;.vc_custom_1670493158163{background-color: #ffffff !important;}&#8221;][vc_column][vc_custom_heading text=&#8221;Leirint\u00e4alueet ja n\u00e4ht\u00e4vyydet&#8221; font_container=&#8221;tag:h2|text_align:center&#8221; use_theme_fonts=&#8221;yes&#8221;][vc_column_text]<\/p>\n<p><a href=\"https:\/\/www.campingbaltic.com\/estonia\" target=\"_blank\" rel=\"noopener\"><img loading=\"lazy\" decoding=\"async\" class=\"aligncenter wp-image-5388\" src=\"https:\/\/camping-estonia.ee\/wp-content\/uploads\/2021\/12\/campingbaltic.png\" alt=\"\" width=\"304\" height=\"101\" \/><\/a><\/p>\n<p>[\/vc_column_text][\/vc_column][\/vc_row]<\/p>\n<\/div>","protected":false},"excerpt":{"rendered":"<p>[vc_row full_width=&#8221;stretch_row_content_no_spaces&#8221; css=&#8221;.vc_custom_1670493158163{background-color: #ffffff !important;}&#8221;][vc_column][vc_custom_heading text=&#8221;Leirint\u00e4alueet ja n\u00e4ht\u00e4vyydet&#8221; font_container=&#8221;tag:h2|text_align:center&#8221; use_theme_fonts=&#8221;yes&#8221;][vc_column_text] [\/vc_column_text][\/vc_column][\/vc_row]<\/p>\n","protected":false},"author":1,"featured_media":0,"parent":0,"menu_order":0,"comment_status":"closed","ping_status":"closed","template":"","meta":{"footnotes":""},"class_list":["post-5478","page","type-page","status-publish","hentry"],"_links":{"self":[{"href":"https:\/\/camping-estonia.ee\/fi\/wp-json\/wp\/v2\/pages\/5478","targetHints":{"allow":["GET"]}}],"collection":[{"href":"https:\/\/camping-estonia.ee\/fi\/wp-json\/wp\/v2\/pages"}],"about":[{"href":"https:\/\/camping-estonia.ee\/fi\/wp-json\/wp\/v2\/types\/page"}],"author":[{"embeddable":true,"href":"https:\/\/camping-estonia.ee\/fi\/wp-json\/wp\/v2\/users\/1"}],"replies":[{"embeddable":true,"href":"https:\/\/camping-estonia.ee\/fi\/wp-json\/wp\/v2\/comments?post=5478"}],"version-history":[{"count":2,"href":"https:\/\/camping-estonia.ee\/fi\/wp-json\/wp\/v2\/pages\/5478\/revisions"}],"predecessor-version":[{"id":5489,"href":"https:\/\/camping-estonia.ee\/fi\/wp-json\/wp\/v2\/pages\/5478\/revisions\/5489"}],"wp:attachment":[{"href":"https:\/\/camping-estonia.ee\/fi\/wp-json\/wp\/v2\/media?parent=5478"}],"curies":[{"name":"wp","href":"https:\/\/api.w.org\/{rel}","templated":true}]}}