{"id":4118,"date":"2018-08-02T12:55:11","date_gmt":"2018-08-02T09:55:11","guid":{"rendered":"http:\/\/delegeeri.ee\/CE\/kontakt\/"},"modified":"2020-01-29T22:09:20","modified_gmt":"2020-01-29T20:09:20","slug":"kontakt","status":"publish","type":"page","link":"https:\/\/camping-estonia.ee\/fi\/kontakt\/","title":{"rendered":"Yhteystiedot"},"content":{"rendered":"<div class=\"wpb-content-wrapper\"><p>[vc_row][vc_column][vc_column_text]Viron leirint\u00e4alueyhdistys yhdist\u00e4\u00e4 Virossa toimivia campingalueita, jotka t\u00e4ytt\u00e4v\u00e4t yhdistyksen m\u00e4\u00e4rittelem\u00e4t vaatimukset. Yhdistys haluaa ennen kaikkea taata asiakkaille laadukkaat palvelut j\u00e4senalueillaan.<\/p>\n<p>Yhdistyksen sit\u00e4 varten luoma ty\u00f6ryhm\u00e4 tarkastaa vaatimusten noudattamista ja uusienj\u00e4senalue-ehdokkaiden tason.&nbsp; Sama ty\u00f6ryhm\u00e4 m\u00e4\u00e4rittelee my\u00f6s j\u00e4senalueiden \u201ct\u00e4hdet\u201c&nbsp; luokitusj\u00e4rjestelm\u00e4n mukaan.&nbsp; Viron leirint\u00e4alueyhdistyksen j\u00e4senalueilla on mahdollista y\u00f6py\u00e4 teltalla, m\u00f6keiss\u00e4 tai motellissa ja ennen kaikkea tietysti&nbsp; karavaanimatkailijoille tarjotaan laadukasta palvelua.<\/p>\n<p>Yhdistys edustaa j\u00e4senalueitaan keskusteluissa viranomaisten ja muiden tahojen kanssa.<\/p>\n<p>Viron leirint\u00e4alueyhdistys kuuluu j\u00e4senen\u00e4 Baltian leirint\u00e4alueliittoon ja Euroopan leirint\u00e4alueliittoon (EFCO&amp;HPA).&nbsp; Yhdess\u00e4 Latvian ja Liettuan leirint\u00e4alueyhdistysten kanssa edustamme Viron, Latvian ja Liettuan j\u00e4senalueita alan messuilla Keski-Euroopassa ja Pohjoismaissa. Yhdess\u00e4 julkaisemme my\u00f6s jokavuotisen, kymmenkielisen Baltiaa kuvaavan esitteen \u201eBALTIC STATES\u201c, jossa on kolmen maan karttamateriaalia, tiedot j\u00e4senalueista ja n\u00e4ht\u00e4vyyksist\u00e4.<\/p>\n<p>Viron leirint\u00e4alueyhdistyksen teht\u00e4v\u00e4n\u00e4 on tarjota j\u00e4senalueidensa avulla laadukasta palvelua kaikille turisteille, jotka maassamme vierailevat.[\/vc_column_text][\/vc_column][\/vc_row][vc_row][vc_column width=&#8221;1\/2&#8243;][vc_column_text]Yhdistyksen hallitukseen kuuluvat:<br \/>\nEero Kaljuste<br \/>\nAive Liivaste<br \/>\nRaivo Hannus<br \/>\nKalmer Tint<br \/>\nMarkku Lehtonen[\/vc_column_text][\/vc_column][vc_column width=&#8221;1\/2&#8243;][vc_column_text]Vaba\u00f5hukeskuse tee 18,<\/p>\n<p>Vanam\u00f5isa k\u00fcla, Saue vald<\/p>\n<p><a href=\"mailto:liit@estcamp.eu\" target=\"_blank\" rel=\"noopener noreferrer\">LIIT@ESTCAMP.EU<\/a>[\/vc_column_text][\/vc_column][\/vc_row]<\/p>\n<\/div>","protected":false},"excerpt":{"rendered":"<p>[vc_row][vc_column][vc_column_text]Viron leirint\u00e4alueyhdistys yhdist\u00e4\u00e4 Virossa toimivia campingalueita, jotka t\u00e4ytt\u00e4v\u00e4t yhdistyksen m\u00e4\u00e4rittelem\u00e4t vaatimukset. Yhdistys haluaa ennen kaikkea taata asiakkaille laadukkaat palvelut j\u00e4senalueillaan. Yhdistyksen sit\u00e4 varten luoma ty\u00f6ryhm\u00e4 tarkastaa vaatimusten noudattamista ja uusienj\u00e4senalue-ehdokkaiden tason.&nbsp; Sama ty\u00f6ryhm\u00e4 m\u00e4\u00e4rittelee my\u00f6s j\u00e4senalueiden \u201ct\u00e4hdet\u201c&nbsp; luokitusj\u00e4rjestelm\u00e4n mukaan.&nbsp; Viron leirint\u00e4alueyhdistyksen j\u00e4senalueilla on mahdollista y\u00f6py\u00e4 teltalla, m\u00f6keiss\u00e4 tai motellissa ja ennen kaikkea tietysti&nbsp; karavaanimatkailijoille tarjotaan&hellip;<\/p>\n","protected":false},"author":1,"featured_media":0,"parent":0,"menu_order":0,"comment_status":"closed","ping_status":"closed","template":"","meta":{"footnotes":""},"class_list":["post-4118","page","type-page","status-publish","hentry"],"_links":{"self":[{"href":"https:\/\/camping-estonia.ee\/fi\/wp-json\/wp\/v2\/pages\/4118","targetHints":{"allow":["GET"]}}],"collection":[{"href":"https:\/\/camping-estonia.ee\/fi\/wp-json\/wp\/v2\/pages"}],"about":[{"href":"https:\/\/camping-estonia.ee\/fi\/wp-json\/wp\/v2\/types\/page"}],"author":[{"embeddable":true,"href":"https:\/\/camping-estonia.ee\/fi\/wp-json\/wp\/v2\/users\/1"}],"replies":[{"embeddable":true,"href":"https:\/\/camping-estonia.ee\/fi\/wp-json\/wp\/v2\/comments?post=4118"}],"version-history":[{"count":4,"href":"https:\/\/camping-estonia.ee\/fi\/wp-json\/wp\/v2\/pages\/4118\/revisions"}],"predecessor-version":[{"id":5362,"href":"https:\/\/camping-estonia.ee\/fi\/wp-json\/wp\/v2\/pages\/4118\/revisions\/5362"}],"wp:attachment":[{"href":"https:\/\/camping-estonia.ee\/fi\/wp-json\/wp\/v2\/media?parent=4118"}],"curies":[{"name":"wp","href":"https:\/\/api.w.org\/{rel}","templated":true}]}}