{"id":3627,"date":"2018-08-01T10:39:35","date_gmt":"2018-08-01T07:39:35","guid":{"rendered":"http:\/\/delegeeri.ee\/CE\/klassifitseerimine\/"},"modified":"2020-01-29T22:08:39","modified_gmt":"2020-01-29T20:08:39","slug":"klassifitseerimine","status":"publish","type":"page","link":"https:\/\/camping-estonia.ee\/fi\/klassifitseerimine\/","title":{"rendered":"Leirint\u00e4alueluokitustietoa"},"content":{"rendered":"<div class=\"wpb-content-wrapper\"><p>[vc_row][vc_column][vc_column_text]<\/p>\n<h3>T\u00e4hdet kertovat alueen tasosta. Leirint\u00e4alueet luokitellaan viisiportaisen j\u00e4rjestelm\u00e4n mukaan 1 \u2013 5 t\u00e4hdell\u00e4.<\/h3>\n<p>Luokitus tapahtuu siten, ett\u00e4 tarkastaja tekee leirint\u00e4alueille luokituskatselmuksen, jossa arvioidaan yhteispohjoismaisten luokitusvaatimusten mukaisesti alueen taso. Katselmuksen tulokset l\u00e4hetet\u00e4\u00e4n t\u00e4m\u00e4n j\u00e4lkeen Luokitusryhm\u00e4lle, joka tekee p\u00e4\u00e4t\u00f6ksen siit\u00e4 mihin tasoluokkaan kukin leirint\u00e4alue sijoitetaan.<\/p>\n<p>Sivun alalaidassa on nykyiset leirint\u00e4alueiden luokitusvaatimukset. Seuraavassa joitain esimerkkej\u00e4 vaatimuksista tasoluokittain:<\/p>\n<p><strong>Yksi t\u00e4hti *<\/strong><\/p>\n<p>v\u00e4hint\u00e4\u00e4n 25 paikkaa matkailuvaunuille, -autoille tai teltoille<br \/>\nleirint\u00e4paikan koko v\u00e4hint\u00e4\u00e4n 60 \u2013 100m2<br \/>\nwc:t, suihkut, keittopaikat<\/p>\n<p><strong>Kaksi t\u00e4hte\u00e4 **<\/strong><br \/>\nYll\u00e4 mainittujen lis\u00e4ksi:<\/p>\n<p>20% matkailuvaunu- ja -autopaikoista s\u00e4hk\u00f6istettyj\u00e4<br \/>\nvastaanottotila<br \/>\nvalvonta leirint\u00e4alueella klo 7-23<br \/>\nsuihkuissa ja peseytymispaikoissa l\u00e4mmin vesi<br \/>\nkioski<br \/>\nlasten leikkipaikka<\/p>\n<p><strong>Kolme t\u00e4hte\u00e4 ***<\/strong><br \/>\nYll\u00e4 mainittujen lis\u00e4ksi:<\/p>\n<p>valaistut ja pinnoitetut ajov\u00e4yl\u00e4t<br \/>\n50% matkailuvaunu- ja -autopaikoista s\u00e4hk\u00f6istettyj\u00e4 ( talvialueilla 100% )<br \/>\nerillinen telttailualue<br \/>\nvalvonta leirint\u00e4alueella my\u00f6s y\u00f6aikaan<br \/>\nkiinteiden j\u00e4tevesis\u00e4ili\u00f6iden tyhjennyskaivo matkailuajoneuvoille<br \/>\nvaatehuoltotilassa pesukone<br \/>\nsauna<br \/>\nelintarvikekioski<br \/>\nm\u00f6kkej\u00e4 tai huoneita<br \/>\nuimaranta<\/p>\n<p><strong>Nelj\u00e4 t\u00e4hte\u00e4 ****<\/strong><br \/>\nYll\u00e4 mainittujen lis\u00e4ksi:<\/p>\n<p>75% matkailuvaunu- ja -autopaikoista s\u00e4hk\u00f6istettyj\u00e4<br \/>\nymp\u00e4rivuotinen ennakkovarausmahdollisuus<br \/>\nmatkailuautoille omia paikkoja<br \/>\nkaikki huolto- ja palvelurakennukset l\u00e4mmitettyj\u00e4<br \/>\nkahvilassa \/ ravintolassa tarjolla ruoka-annoksia<\/p>\n<p><strong>Viisi t\u00e4hte\u00e4 *****<\/strong><br \/>\nYll\u00e4 mainittujen lis\u00e4ksi:<\/p>\n<p>ymp\u00e4rivuorokautinen valvonta leirint\u00e4alueella<br \/>\nkaikki huolto- ja palvelurakennukset l\u00e4mp\u00f6eristettyj\u00e4<br \/>\nlastenhoitajapalvelu<br \/>\nrunsaasti vapaa-ajan aktiviteetteja<br \/>\nravintola t\u00e4ysin anniskeluoikeuksin<br \/>\nosassa m\u00f6keist\u00e4 wc, suihku, pienoiskeitti\u00f6 ja tv[\/vc_column_text][\/vc_column][\/vc_row]<\/p>\n<\/div>","protected":false},"excerpt":{"rendered":"<p>[vc_row][vc_column][vc_column_text] T\u00e4hdet kertovat alueen tasosta. Leirint\u00e4alueet luokitellaan viisiportaisen j\u00e4rjestelm\u00e4n mukaan 1 \u2013 5 t\u00e4hdell\u00e4. Luokitus tapahtuu siten, ett\u00e4 tarkastaja tekee leirint\u00e4alueille luokituskatselmuksen, jossa arvioidaan yhteispohjoismaisten luokitusvaatimusten mukaisesti alueen taso. Katselmuksen tulokset l\u00e4hetet\u00e4\u00e4n t\u00e4m\u00e4n j\u00e4lkeen Luokitusryhm\u00e4lle, joka tekee p\u00e4\u00e4t\u00f6ksen siit\u00e4 mihin tasoluokkaan kukin leirint\u00e4alue sijoitetaan. Sivun alalaidassa on nykyiset leirint\u00e4alueiden luokitusvaatimukset. Seuraavassa joitain esimerkkej\u00e4 vaatimuksista tasoluokittain:&hellip;<\/p>\n","protected":false},"author":1,"featured_media":0,"parent":0,"menu_order":0,"comment_status":"closed","ping_status":"open","template":"","meta":{"footnotes":""},"class_list":["post-3627","page","type-page","status-publish","hentry"],"_links":{"self":[{"href":"https:\/\/camping-estonia.ee\/fi\/wp-json\/wp\/v2\/pages\/3627","targetHints":{"allow":["GET"]}}],"collection":[{"href":"https:\/\/camping-estonia.ee\/fi\/wp-json\/wp\/v2\/pages"}],"about":[{"href":"https:\/\/camping-estonia.ee\/fi\/wp-json\/wp\/v2\/types\/page"}],"author":[{"embeddable":true,"href":"https:\/\/camping-estonia.ee\/fi\/wp-json\/wp\/v2\/users\/1"}],"replies":[{"embeddable":true,"href":"https:\/\/camping-estonia.ee\/fi\/wp-json\/wp\/v2\/comments?post=3627"}],"version-history":[{"count":2,"href":"https:\/\/camping-estonia.ee\/fi\/wp-json\/wp\/v2\/pages\/3627\/revisions"}],"predecessor-version":[{"id":5361,"href":"https:\/\/camping-estonia.ee\/fi\/wp-json\/wp\/v2\/pages\/3627\/revisions\/5361"}],"wp:attachment":[{"href":"https:\/\/camping-estonia.ee\/fi\/wp-json\/wp\/v2\/media?parent=3627"}],"curies":[{"name":"wp","href":"https:\/\/api.w.org\/{rel}","templated":true}]}}