{"id":701,"date":"2011-05-20T18:49:43","date_gmt":"2011-05-20T18:49:43","guid":{"rendered":"http:\/\/wpthemetestdata.wordpress.com\/?page_id=701"},"modified":"2026-01-28T10:41:21","modified_gmt":"2026-01-28T08:41:21","slug":"this-is-qibla","status":"publish","type":"page","link":"https:\/\/camping-estonia.ee\/et\/","title":{"rendered":"Eesti K\u00e4mpingute Liit"},"content":{"rendered":"<div class=\"wpb-content-wrapper\"><p>[vc_row][vc_column][vc_empty_space][vc_custom_heading text=&#8221;EESTI K\u00c4MPINGUTE LIIDUST&#8221; font_container=&#8221;tag:h2|text_align:center&#8221; use_theme_fonts=&#8221;yes&#8221; css=&#8221;&#8221;][vc_column_text css=&#8221;&#8221;]<\/p>\n<p style=\"text-align: center;\">Eesti K\u00e4mpingute Liit \u00fchendab Eesti Vabariigis tegutsevaid k\u00e4mpinguid, mis vastavad liidu kehtestatud standarditele. Eelk\u00f5ige soovib liit garanteerida klientidele kvaliteetset teenust oma liikmete k\u00e4mpingutes. Liit teostab l\u00e4bi vastava komisjoni j\u00e4relvalvet k\u00e4mpingute standardite t\u00e4itmise ja uute liikmete vastuv\u00f5tmiseks.\u00a0Sama komisjon m\u00e4\u00e4rab ka t\u00e4rnid liidu liikmete k\u00e4mpingutes.<\/p>\n<p>[\/vc_column_text][\/vc_column][\/vc_row][vc_row full_width=&#8221;stretch_row&#8221; css=&#8221;.vc_custom_1670580004587{background-color: #ffffff !important;}&#8221;][vc_column width=&#8221;1\/4&#8243;][vc_column_text]<a href=\"https:\/\/www.campingbaltic.com\/estonia\" target=\"_blank\" rel=\"noopener\"><img loading=\"lazy\" decoding=\"async\" class=\"aligncenter wp-image-5388\" src=\"https:\/\/camping-estonia.ee\/wp-content\/uploads\/2021\/12\/campingbaltic.png\" alt=\"\" width=\"316\" height=\"105\" \/><\/a>[\/vc_column_text][\/vc_column][vc_column width=&#8221;1\/4&#8243;][vc_column_text]<a href=\"https:\/\/www.efcohpa.eu\/\" target=\"_blank\" rel=\"noopener\"><img loading=\"lazy\" decoding=\"async\" class=\"aligncenter size-full wp-image-4848\" src=\"https:\/\/camping-estonia.ee\/wp-content\/uploads\/2019\/01\/EFCOHPA.jpg\" alt=\"\" width=\"200\" height=\"200\" srcset=\"https:\/\/camping-estonia.ee\/wp-content\/uploads\/2019\/01\/EFCOHPA.jpg 200w, https:\/\/camping-estonia.ee\/wp-content\/uploads\/2019\/01\/EFCOHPA-150x150.jpg 150w, https:\/\/camping-estonia.ee\/wp-content\/uploads\/2019\/01\/EFCOHPA-128x128.jpg 128w\" sizes=\"auto, (max-width: 200px) 100vw, 200px\" \/><\/a>[\/vc_column_text][\/vc_column][vc_column width=&#8221;1\/4&#8243;][vc_column_text]<a href=\"https:\/\/www.visitestonia.com\/en\/\" target=\"_blank\" rel=\"noopener\"><img loading=\"lazy\" decoding=\"async\" class=\"aligncenter wp-image-4872\" src=\"https:\/\/camping-estonia.ee\/wp-content\/uploads\/2019\/01\/VisitEstonia.png\" alt=\"\" width=\"177\" height=\"177\" srcset=\"https:\/\/camping-estonia.ee\/wp-content\/uploads\/2019\/01\/VisitEstonia.png 225w, https:\/\/camping-estonia.ee\/wp-content\/uploads\/2019\/01\/VisitEstonia-150x150.png 150w, https:\/\/camping-estonia.ee\/wp-content\/uploads\/2019\/01\/VisitEstonia-128x128.png 128w\" sizes=\"auto, (max-width: 177px) 100vw, 177px\" \/><\/a>[\/vc_column_text][\/vc_column][vc_column width=&#8221;1\/4&#8243;][vc_column_text css=&#8221;&#8221;]<a href=\"https:\/\/www.campingbaltic.com\/uploads\/homepage\/brochure\/Baltic_camping_2026_web.pdf\" target=\"_blank\" rel=\"noopener\"><img loading=\"lazy\" decoding=\"async\" class=\"aligncenter wp-image-4279\" src=\"https:\/\/camping-estonia.ee\/wp-content\/uploads\/2018\/12\/sc-281x300.png\" alt=\"\" width=\"183\" height=\"195\" srcset=\"https:\/\/camping-estonia.ee\/wp-content\/uploads\/2018\/12\/sc-281x300.png 281w, https:\/\/camping-estonia.ee\/wp-content\/uploads\/2018\/12\/sc-768x820.png 768w, https:\/\/camping-estonia.ee\/wp-content\/uploads\/2018\/12\/sc-959x1024.png 959w, https:\/\/camping-estonia.ee\/wp-content\/uploads\/2018\/12\/sc.png 1338w\" sizes=\"auto, (max-width: 183px) 100vw, 183px\" \/><\/a>[\/vc_column_text][\/vc_column][\/vc_row]<\/p>\n<\/div>","protected":false},"excerpt":{"rendered":"<p>[vc_row][vc_column][vc_empty_space][vc_custom_heading text=&#8221;EESTI K\u00c4MPINGUTE LIIDUST&#8221; font_container=&#8221;tag:h2|text_align:center&#8221; use_theme_fonts=&#8221;yes&#8221; css=&#8221;&#8221;][vc_column_text css=&#8221;&#8221;] Eesti K\u00e4mpingute Liit \u00fchendab Eesti Vabariigis tegutsevaid k\u00e4mpinguid, mis vastavad liidu kehtestatud standarditele. Eelk\u00f5ige soovib liit garanteerida klientidele kvaliteetset teenust oma liikmete k\u00e4mpingutes. Liit teostab l\u00e4bi vastava komisjoni j\u00e4relvalvet k\u00e4mpingute standardite t\u00e4itmise ja uute liikmete vastuv\u00f5tmiseks.\u00a0Sama komisjon m\u00e4\u00e4rab ka t\u00e4rnid liidu liikmete k\u00e4mpingutes. [\/vc_column_text][\/vc_column][\/vc_row][vc_row full_width=&#8221;stretch_row&#8221; css=&#8221;.vc_custom_1670580004587{background-color: #ffffff&hellip;<\/p>\n","protected":false},"author":1,"featured_media":0,"parent":0,"menu_order":0,"comment_status":"closed","ping_status":"closed","template":"templates\/homepage-fullwidth.php","meta":{"footnotes":""},"class_list":["post-701","page","type-page","status-publish","hentry"],"_links":{"self":[{"href":"https:\/\/camping-estonia.ee\/et\/wp-json\/wp\/v2\/pages\/701","targetHints":{"allow":["GET"]}}],"collection":[{"href":"https:\/\/camping-estonia.ee\/et\/wp-json\/wp\/v2\/pages"}],"about":[{"href":"https:\/\/camping-estonia.ee\/et\/wp-json\/wp\/v2\/types\/page"}],"author":[{"embeddable":true,"href":"https:\/\/camping-estonia.ee\/et\/wp-json\/wp\/v2\/users\/1"}],"replies":[{"embeddable":true,"href":"https:\/\/camping-estonia.ee\/et\/wp-json\/wp\/v2\/comments?post=701"}],"version-history":[{"count":122,"href":"https:\/\/camping-estonia.ee\/et\/wp-json\/wp\/v2\/pages\/701\/revisions"}],"predecessor-version":[{"id":5637,"href":"https:\/\/camping-estonia.ee\/et\/wp-json\/wp\/v2\/pages\/701\/revisions\/5637"}],"wp:attachment":[{"href":"https:\/\/camping-estonia.ee\/et\/wp-json\/wp\/v2\/media?parent=701"}],"curies":[{"name":"wp","href":"https:\/\/api.w.org\/{rel}","templated":true}]}}