{"id":3406,"date":"2018-08-02T12:55:11","date_gmt":"2018-08-02T09:55:11","guid":{"rendered":"http:\/\/delegeeri.ee\/CE\/?page_id=3406"},"modified":"2022-06-06T07:46:57","modified_gmt":"2022-06-06T04:46:57","slug":"kontakt","status":"publish","type":"page","link":"https:\/\/camping-estonia.ee\/et\/kontakt\/","title":{"rendered":"Kontakt"},"content":{"rendered":"<div class=\"wpb-content-wrapper\"><p>[vc_row][vc_column][vc_custom_heading text=&#8221;K\u00c4MPINGUTE LIIDUST&#8221; use_theme_fonts=&#8221;yes&#8221;][vc_column_text]Eesti K\u00e4mpingute Liit \u00fchendab Eesti Vabariigis tegutsevaid k\u00e4mpinguid, mis vastavad liidu kehtestatud standarditele. Eelk\u00f5ige soovib liit garanteerida klientidele kvaliteetset teenust oma liikmete k\u00e4mpingutes.<\/p>\n<p>Liit teostab l\u00e4bi vastava komisjoni j\u00e4relvalvet k\u00e4mpingute standardite t\u00e4itmise ja uute liikmete vastuv\u00f5tmiseks.\u00a0Sama komisjon m\u00e4\u00e4rab ka t\u00e4rnid liidu liikmete k\u00e4mpingutes.<\/p>\n<p>Eesti K\u00e4mpingute Liidu k\u00e4mpingutes on v\u00f5imalik \u00f6\u00f6bida telkides, k\u00e4mpingumajakestes v\u00f5i motellides, samuti pakutakse kvaliteetset teenust karavaniga matkajatele. Liit esindab oma liikmeid suhtlemisel erinevate instantside ja valitsusasutustega.<\/p>\n<p>Eesti K\u00e4mpingute Liit kuulub Baltimaade K\u00e4mpingute Assotsiatsiooni ja on Euroopa K\u00e4mpingute F\u00f6deratsiooni EFCO&amp;HPA liige. Koos L\u00e4ti ja Leedu liitudega esindatakse Eesti, L\u00e4ti ja Leedu liikmeid oma ala messidel Euroopas ja P\u00f5hjamaades. \u00dchiselt antakse iga-aastaselt v\u00e4lja k\u00fcmnes keeles Balti riikide k\u00e4mpinguid tutvustavat kataloogi Baltic Camping Map mis on varustatud kolme riigi kaardimaterjali, k\u00e4mpingute ja vaatamisv\u00e4\u00e4rsuste tutvustustega.<\/p>\n<p>Eesti K\u00e4mpingute Liidu \u00fclesanne on pakkuda l\u00e4bi oma liikmete kvaliteetset teenust k\u00f5igile turistidele, kes meie riiki k\u00fclastavad.[\/vc_column_text][\/vc_column][\/vc_row][vc_row][vc_column width=&#8221;1\/2&#8243;][vc_column_text]Liidu juhatusse kuuluvad:<br \/>\nEero Kaljuste<br \/>\nAive Liivaste<br \/>\nKalmer Tint<br \/>\nMarkku Lehtonen[\/vc_column_text][\/vc_column][vc_column width=&#8221;1\/2&#8243;][vc_column_text]Kontaktandmed:<\/p>\n<p>Vaba\u00f5hukeskuse tee 18,<\/p>\n<p>Vanam\u00f5isa k\u00fcla, Saue vald<\/p>\n<p><a href=\"mailto:liit@estcamp.eu\" target=\"_blank\" rel=\"noopener\">LIIT@ESTCAMP.EU<\/a>[\/vc_column_text][\/vc_column][\/vc_row]<\/p>\n<\/div>","protected":false},"excerpt":{"rendered":"<p>[vc_row][vc_column][vc_custom_heading text=&#8221;K\u00c4MPINGUTE LIIDUST&#8221; use_theme_fonts=&#8221;yes&#8221;][vc_column_text]Eesti K\u00e4mpingute Liit \u00fchendab Eesti Vabariigis tegutsevaid k\u00e4mpinguid, mis vastavad liidu kehtestatud standarditele. Eelk\u00f5ige soovib liit garanteerida klientidele kvaliteetset teenust oma liikmete k\u00e4mpingutes. Liit teostab l\u00e4bi vastava komisjoni j\u00e4relvalvet k\u00e4mpingute standardite t\u00e4itmise ja uute liikmete vastuv\u00f5tmiseks.\u00a0Sama komisjon m\u00e4\u00e4rab ka t\u00e4rnid liidu liikmete k\u00e4mpingutes. Eesti K\u00e4mpingute Liidu k\u00e4mpingutes on v\u00f5imalik \u00f6\u00f6bida telkides, k\u00e4mpingumajakestes&hellip;<\/p>\n","protected":false},"author":1,"featured_media":0,"parent":0,"menu_order":0,"comment_status":"closed","ping_status":"closed","template":"","meta":{"footnotes":""},"class_list":["post-3406","page","type-page","status-publish","hentry"],"_links":{"self":[{"href":"https:\/\/camping-estonia.ee\/et\/wp-json\/wp\/v2\/pages\/3406","targetHints":{"allow":["GET"]}}],"collection":[{"href":"https:\/\/camping-estonia.ee\/et\/wp-json\/wp\/v2\/pages"}],"about":[{"href":"https:\/\/camping-estonia.ee\/et\/wp-json\/wp\/v2\/types\/page"}],"author":[{"embeddable":true,"href":"https:\/\/camping-estonia.ee\/et\/wp-json\/wp\/v2\/users\/1"}],"replies":[{"embeddable":true,"href":"https:\/\/camping-estonia.ee\/et\/wp-json\/wp\/v2\/comments?post=3406"}],"version-history":[{"count":5,"href":"https:\/\/camping-estonia.ee\/et\/wp-json\/wp\/v2\/pages\/3406\/revisions"}],"predecessor-version":[{"id":5398,"href":"https:\/\/camping-estonia.ee\/et\/wp-json\/wp\/v2\/pages\/3406\/revisions\/5398"}],"wp:attachment":[{"href":"https:\/\/camping-estonia.ee\/et\/wp-json\/wp\/v2\/media?parent=3406"}],"curies":[{"name":"wp","href":"https:\/\/api.w.org\/{rel}","templated":true}]}}