{"id":4119,"date":"2018-08-02T12:55:11","date_gmt":"2018-08-02T09:55:11","guid":{"rendered":"http:\/\/delegeeri.ee\/CE\/kontakt\/"},"modified":"2018-12-19T09:51:44","modified_gmt":"2018-12-19T07:51:44","slug":"kontakt","status":"publish","type":"page","link":"https:\/\/camping-estonia.ee\/de\/kontakt\/","title":{"rendered":"Kontakt"},"content":{"rendered":"<div class=\"wpb-content-wrapper\"><p>[vc_row][vc_column][vc_custom_heading text=&#8220;\u00dcBER DEN CAMPINGVERBAND&#8220; use_theme_fonts=&#8220;yes&#8220;][vc_column_text]Der Estnische Campingverband vereinigt die in der Republik Estland t\u00e4tigen Campingpl\u00e4tze, die den vom Verband festgelegten Standards entsprechen. Insbesondere m\u00f6chte der Verband seinen Kunden einen qualitativ hochwertigen Service auf Campingpl\u00e4tzen seiner Mitglieder bieten.<\/p>\n<p>Durch die zust\u00e4ndige Kommission \u00fcberwacht der Verband die Einhaltung der Standards und die Aufnahme neuer Mitglieder. Dieselbe Kommission weist den Campingpl\u00e4tzen von Verbandsmitgliedern auch Sternchen zu.<\/p>\n<p>Auf den Campingpl\u00e4tzen des Estnischen Campingverbandes kann man in Zelten, Campingh\u00e4uschen oder Motels \u00fcbernachten, den Wanderern, die mit einem Caravan unterwegs sind, wird auch ein Qualit\u00e4tsservice angeboten. Der Verband vertritt seine Mitglieder im Umgang mit verschiedenen Instanzen und Regierungsbeh\u00f6rden.<\/p>\n<p>Der Estnische Campingverband ist Mitglied der Baltischen Campingassoziation und ist Mitglied der Europ\u00e4ischen Campingf\u00f6deration EFCO &amp; HPA. In Zusammenarbeit mit den lettischen und litauischen Verb\u00e4nden werden estnische, lettische und litauische Mitglieder auf den Fachmessen in Europa und in den nordischen L\u00e4ndern vertreten. J\u00e4hrlich wird gemeinsam der Katalog Baltic Camping Map, der in zehn Sprachen Campingpl\u00e4tze in den baltischen Staaten vorstellt und mit Kartenmaterial, sowie der Vorstellungen der Sehensw\u00fcrdigkeiten dreier Staaten ausgestattet ist, herausgegeben.<\/p>\n<p>Die Aufgabe des Estnischen Campingverbandes ist, durch seine Mitglieder allen Touristen, die unser Land besuchen, einen qualitativ hochwertigen Service anzubieten.[\/vc_column_text][\/vc_column][\/vc_row][vc_row][vc_column width=&#8220;1\/2&#8243;][vc_column_text]<u>Zum Vorstand des Verbandes geh\u00f6ren:<\/u><br \/>\nEero Kaljuste<br \/>\nAive Liivaste<br \/>\nRaivo Hannus<br \/>\nKalmer Tint<br \/>\nMarkku Lehtonen[\/vc_column_text][\/vc_column][vc_column width=&#8220;1\/2&#8243;][vc_column_text]Kontakte:<\/p>\n<p>Vaba\u00f5hukeskuse tee 18,<\/p>\n<p>Vanam\u00f5isa k\u00fcla, Saue vald<\/p>\n<p><a href=\"mailto:liit@estcamp.eu\" target=\"_blank\" rel=\"noopener\">LIIT@ESTCAMP.EU<\/a>[\/vc_column_text][\/vc_column][\/vc_row]<\/p>\n<\/div>","protected":false},"excerpt":{"rendered":"<p>[vc_row][vc_column][vc_custom_heading text=&#8220;\u00dcBER DEN CAMPINGVERBAND&#8220; use_theme_fonts=&#8220;yes&#8220;][vc_column_text]Der Estnische Campingverband vereinigt die in der Republik Estland t\u00e4tigen Campingpl\u00e4tze, die den vom Verband festgelegten Standards entsprechen. Insbesondere m\u00f6chte der Verband seinen Kunden einen qualitativ hochwertigen Service auf Campingpl\u00e4tzen seiner Mitglieder bieten. Durch die zust\u00e4ndige Kommission \u00fcberwacht der Verband die Einhaltung der Standards und die Aufnahme neuer Mitglieder. Dieselbe Kommission&hellip;<\/p>\n","protected":false},"author":1,"featured_media":0,"parent":0,"menu_order":0,"comment_status":"closed","ping_status":"closed","template":"","meta":{"footnotes":""},"class_list":["post-4119","page","type-page","status-publish","hentry"],"_links":{"self":[{"href":"https:\/\/camping-estonia.ee\/de\/wp-json\/wp\/v2\/pages\/4119","targetHints":{"allow":["GET"]}}],"collection":[{"href":"https:\/\/camping-estonia.ee\/de\/wp-json\/wp\/v2\/pages"}],"about":[{"href":"https:\/\/camping-estonia.ee\/de\/wp-json\/wp\/v2\/types\/page"}],"author":[{"embeddable":true,"href":"https:\/\/camping-estonia.ee\/de\/wp-json\/wp\/v2\/users\/1"}],"replies":[{"embeddable":true,"href":"https:\/\/camping-estonia.ee\/de\/wp-json\/wp\/v2\/comments?post=4119"}],"version-history":[{"count":3,"href":"https:\/\/camping-estonia.ee\/de\/wp-json\/wp\/v2\/pages\/4119\/revisions"}],"predecessor-version":[{"id":4136,"href":"https:\/\/camping-estonia.ee\/de\/wp-json\/wp\/v2\/pages\/4119\/revisions\/4136"}],"wp:attachment":[{"href":"https:\/\/camping-estonia.ee\/de\/wp-json\/wp\/v2\/media?parent=4119"}],"curies":[{"name":"wp","href":"https:\/\/api.w.org\/{rel}","templated":true}]}}