{"id":3628,"date":"2018-08-01T10:39:35","date_gmt":"2018-08-01T07:39:35","guid":{"rendered":"http:\/\/delegeeri.ee\/CE\/klassifitseerimine\/"},"modified":"2018-12-19T12:05:20","modified_gmt":"2018-12-19T10:05:20","slug":"klassifitseerimine","status":"publish","type":"page","link":"https:\/\/camping-estonia.ee\/de\/klassifitseerimine\/","title":{"rendered":"Klassifizierung der Campingpl\u00e4tze"},"content":{"rendered":"<div class=\"wpb-content-wrapper\"><p>[vc_row][vc_column][vc_column_text]<\/p>\n<h3>Campingpl\u00e4tze werden mit 1 bis 5 Sternen nach einem f\u00fcnfstufigen Klassifizierungssystem geordnet.<\/h3>\n<p>Die Klassifizierung geschieht folgenderma\u03b2en: der Beauftragte f\u00fcr die Klassifizierung besichtigt den Campingplatz, und beurteilt ihn entsprechend den in ganz Skandinavien geltenden Kriterien. Er sendet seine Ergebnisse zu der so genannten Klassifizierungsgruppe, die dann ihrerseits entscheidet, in welche Klasse der jeweilige Campingplatz eingeordnet wird. Im folgenden einige Beispiele f\u00fcr die Kriterien je nach Klasse:<\/p>\n<p><strong>* Ein Stern<\/strong><\/p>\n<p>-mindestes 25 Pl\u00e4tze f\u00fcr Wohnwagen, Wohnmobile oder Zelte<br \/>\n-gr\u00f6\u00dfe des Campingplatzes mindestens 60-100 m2<br \/>\n-Toiletten, Duschen, Kochstellen<\/p>\n<p><strong>** Zwei Sterne: au\u00dfer dem vorgenannten<\/strong><\/p>\n<p>20% der Wohnwagen- und Wohnmobilpl\u00e4tze mit elektrischem Anschluss<br \/>\n-Rezeption<br \/>\n-Aufsicht auf dem Campingplatz von 7 bis 23 Uhr<br \/>\n-Duschen und Waschr\u00e4ume mit heissem Wasser<br \/>\n-Kiosk<br \/>\n-Kinderspielplatz<\/p>\n<p><strong>*** Drei Sterne \u2013 au\u00dfer dem vorgenannten<\/strong><\/p>\n<p>-beleuchtete und befestigte Fahrwege<br \/>\n-50% der Wohnwagen- und Wohnmobilpl\u00e4tze mit elektrischem Anschluss, bei im Winter ge\u00f6ffneten Pl\u00e4tzen 100%<br \/>\n-abgetrennte Fl\u00e4che f\u00fcr Zelte<br \/>\n-Aufsicht auf dem Campingplatz bei Tag und Nacht<br \/>\n-Entleerungsm\u00f6glichkeit f\u00fcr festmontierte Abw\u00e4sserbeh\u00e4lter in Wohnwagen und \u2013 mobilen<br \/>\n-Waschmaschine in W\u00e4schepflegeraum<br \/>\n-Sauna<br \/>\n-Kiosk mit Lebensmitteln<br \/>\n-H\u00e4uschen oder Zimmer<br \/>\n-Badestrand<\/p>\n<p><strong>**** Vier Sterne \u2013 au\u00dfer dem vorgenannten:<\/strong><\/p>\n<p>-75% der Wohnwagen und Wohnmobilpl\u00e4tze mit elektrischem Anschluss<br \/>\n-Reservierung w\u00e4hrend des ganzen Jahres m\u00f6glich<br \/>\n-speziell f\u00fcr Wohnmobile reservierte Pl\u00e4tze<br \/>\n-geheizte Dienstleistungsr\u00e4ume<br \/>\n-Speiseservice in Cafeteria\/Restaurant<\/p>\n<p><strong>***** F\u00fcnf Sterne \u2013 au\u00dfer dem vorgenannten:<\/strong><\/p>\n<p>-Aufsicht rund um die Uhr auf dem Campingplatz<br \/>\n-w\u00e4rmeisolierte Dienstleistungsr\u00e4ume<br \/>\n-Kinderbetreuung<br \/>\n-reichlich Freizeitaktivit\u00e4ten<br \/>\n-Restaurant mit vollen Schankrechten<br \/>\n-in einem Teil der H\u00e4uschen WC, Dusche, Kleink\u00fcche und Fernseher[\/vc_column_text][\/vc_column][\/vc_row]<\/p>\n<\/div>","protected":false},"excerpt":{"rendered":"<p>[vc_row][vc_column][vc_column_text] Campingpl\u00e4tze werden mit 1 bis 5 Sternen nach einem f\u00fcnfstufigen Klassifizierungssystem geordnet. Die Klassifizierung geschieht folgenderma\u03b2en: der Beauftragte f\u00fcr die Klassifizierung besichtigt den Campingplatz, und beurteilt ihn entsprechend den in ganz Skandinavien geltenden Kriterien. Er sendet seine Ergebnisse zu der so genannten Klassifizierungsgruppe, die dann ihrerseits entscheidet, in welche Klasse der jeweilige Campingplatz eingeordnet&hellip;<\/p>\n","protected":false},"author":1,"featured_media":0,"parent":0,"menu_order":0,"comment_status":"closed","ping_status":"open","template":"","meta":{"footnotes":""},"class_list":["post-3628","page","type-page","status-publish","hentry"],"_links":{"self":[{"href":"https:\/\/camping-estonia.ee\/de\/wp-json\/wp\/v2\/pages\/3628","targetHints":{"allow":["GET"]}}],"collection":[{"href":"https:\/\/camping-estonia.ee\/de\/wp-json\/wp\/v2\/pages"}],"about":[{"href":"https:\/\/camping-estonia.ee\/de\/wp-json\/wp\/v2\/types\/page"}],"author":[{"embeddable":true,"href":"https:\/\/camping-estonia.ee\/de\/wp-json\/wp\/v2\/users\/1"}],"replies":[{"embeddable":true,"href":"https:\/\/camping-estonia.ee\/de\/wp-json\/wp\/v2\/comments?post=3628"}],"version-history":[{"count":1,"href":"https:\/\/camping-estonia.ee\/de\/wp-json\/wp\/v2\/pages\/3628\/revisions"}],"predecessor-version":[{"id":3632,"href":"https:\/\/camping-estonia.ee\/de\/wp-json\/wp\/v2\/pages\/3628\/revisions\/3632"}],"wp:attachment":[{"href":"https:\/\/camping-estonia.ee\/de\/wp-json\/wp\/v2\/media?parent=3628"}],"curies":[{"name":"wp","href":"https:\/\/api.w.org\/{rel}","templated":true}]}}