{"id":3587,"date":"2018-08-16T15:51:26","date_gmt":"2018-08-16T12:51:26","guid":{"rendered":"http:\/\/delegeeri.ee\/CE\/estonian-camping-association\/"},"modified":"2026-01-28T10:59:47","modified_gmt":"2026-01-28T08:59:47","slug":"estonian-camping-association","status":"publish","type":"page","link":"https:\/\/camping-estonia.ee\/de\/","title":{"rendered":"Estonian Camping Association"},"content":{"rendered":"<div class=\"wpb-content-wrapper\"><p>[vc_row][vc_column][vc_empty_space][vc_custom_heading text=&#8220;AUS DEM ESTNISCHEN CAMPINGVERBAND&#8220; font_container=&#8220;tag:h2|text_align:center&#8220; use_theme_fonts=&#8220;yes&#8220; css=&#8220;&#8220;][vc_column_text css=&#8220;&#8220;]<\/p>\n<div class=\"flex flex-col text-sm pb-25\">\n<article class=\"text-token-text-primary w-full focus:outline-none [--shadow-height:45px] has-data-writing-block:pointer-events-none has-data-writing-block:-mt-(--shadow-height) has-data-writing-block:pt-(--shadow-height) [&amp;:has([data-writing-block])&gt;*]:pointer-events-auto scroll-mt-[calc(var(--header-height)+min(200px,max(70px,20svh)))]\" dir=\"auto\" tabindex=\"-1\" data-turn-id=\"cb068a7e-931e-475e-8764-4ba3b9b0ef0e\" data-testid=\"conversation-turn-2\" data-scroll-anchor=\"true\" data-turn=\"assistant\">\n<div class=\"text-base my-auto mx-auto pb-10 [--thread-content-margin:--spacing(4)] @w-sm\/main:[--thread-content-margin:--spacing(6)] @w-lg\/main:[--thread-content-margin:--spacing(16)] px-(--thread-content-margin)\">\n<div class=\"[--thread-content-max-width:40rem] @w-lg\/main:[--thread-content-max-width:48rem] mx-auto max-w-(--thread-content-max-width) flex-1 group\/turn-messages focus-visible:outline-hidden relative flex w-full min-w-0 flex-col agent-turn\" tabindex=\"-1\">\n<div class=\"flex max-w-full flex-col grow\">\n<div class=\"min-h-8 text-message relative flex w-full flex-col items-end gap-2 text-start break-words whitespace-normal [.text-message+&amp;]:mt-1\" dir=\"auto\" data-message-author-role=\"assistant\" data-message-id=\"5816f06e-8de6-40fa-bf77-e55cbb80cfbd\" data-message-model-slug=\"gpt-5-2\">\n<div class=\"flex w-full flex-col gap-1 empty:hidden first:pt-[1px]\">\n<div class=\"markdown prose dark:prose-invert w-full wrap-break-word light markdown-new-styling\">\n<p style=\"text-align: center;\" data-start=\"39\" data-end=\"542\" data-is-last-node=\"\" data-is-only-node=\"\">Der Estnische Campingverband vereint in der Republik Estland t\u00e4tige Campingpl\u00e4tze, die den vom Verband festgelegten Standards entsprechen. In erster Linie m\u00f6chte der Verband seinen Kunden eine qualitativ hochwertige Dienstleistung in den Campingpl\u00e4tzen seiner Mitglieder garantieren. Der Verband \u00fcberwacht durch eine entsprechende Kommission die Einhaltung der Campingstandards sowie die Aufnahme neuer Mitglieder. Dieselbe Kommission vergibt auch die Sterne an die Campingpl\u00e4tze der Verbandsmitglieder.<\/p>\n<\/div>\n<\/div>\n<\/div>\n<\/div>\n<div class=\"z-0 flex min-h-[46px] justify-start\"><\/div>\n<div class=\"mt-3 w-full empty:hidden\">\n<div class=\"text-center\"><\/div>\n<\/div>\n<\/div>\n<\/div>\n<\/article>\n<\/div>\n<div class=\"pointer-events-none h-px w-px absolute bottom-0\" aria-hidden=\"true\" data-edge=\"true\"><\/div>\n<p>[\/vc_column_text][\/vc_column][\/vc_row][vc_row full_width=&#8220;stretch_row&#8220; css=&#8220;.vc_custom_1670580004587{background-color: #ffffff !important;}&#8220;][vc_column width=&#8220;1\/4&#8243;][vc_column_text]<a href=\"https:\/\/www.campingbaltic.com\/estonia\" target=\"_blank\" rel=\"noopener\"><img loading=\"lazy\" decoding=\"async\" class=\"aligncenter wp-image-5388\" src=\"https:\/\/camping-estonia.ee\/wp-content\/uploads\/2021\/12\/campingbaltic.png\" alt=\"\" width=\"316\" height=\"105\" \/><\/a>[\/vc_column_text][\/vc_column][vc_column width=&#8220;1\/4&#8243;][vc_column_text]<a href=\"https:\/\/www.efcohpa.eu\/\" target=\"_blank\" rel=\"noopener\"><img loading=\"lazy\" decoding=\"async\" class=\"aligncenter size-full wp-image-4848\" src=\"https:\/\/camping-estonia.ee\/wp-content\/uploads\/2019\/01\/EFCOHPA.jpg\" alt=\"\" width=\"200\" height=\"200\" srcset=\"https:\/\/camping-estonia.ee\/wp-content\/uploads\/2019\/01\/EFCOHPA.jpg 200w, https:\/\/camping-estonia.ee\/wp-content\/uploads\/2019\/01\/EFCOHPA-150x150.jpg 150w, https:\/\/camping-estonia.ee\/wp-content\/uploads\/2019\/01\/EFCOHPA-128x128.jpg 128w\" sizes=\"auto, (max-width: 200px) 100vw, 200px\" \/><\/a>[\/vc_column_text][\/vc_column][vc_column width=&#8220;1\/4&#8243;][vc_column_text]<a href=\"https:\/\/www.visitestonia.com\/en\/\" target=\"_blank\" rel=\"noopener\"><img loading=\"lazy\" decoding=\"async\" class=\"aligncenter wp-image-4872\" src=\"https:\/\/camping-estonia.ee\/wp-content\/uploads\/2019\/01\/VisitEstonia.png\" alt=\"\" width=\"177\" height=\"177\" srcset=\"https:\/\/camping-estonia.ee\/wp-content\/uploads\/2019\/01\/VisitEstonia.png 225w, https:\/\/camping-estonia.ee\/wp-content\/uploads\/2019\/01\/VisitEstonia-150x150.png 150w, https:\/\/camping-estonia.ee\/wp-content\/uploads\/2019\/01\/VisitEstonia-128x128.png 128w\" sizes=\"auto, (max-width: 177px) 100vw, 177px\" \/><\/a>[\/vc_column_text][\/vc_column][vc_column width=&#8220;1\/4&#8243;][vc_column_text css=&#8220;&#8220;]<a href=\"https:\/\/www.campingbaltic.com\/uploads\/homepage\/brochure\/Baltic_camping_2026_web.pdf\" target=\"_blank\" rel=\"noopener\"><img loading=\"lazy\" decoding=\"async\" class=\"aligncenter wp-image-4279\" src=\"https:\/\/camping-estonia.ee\/wp-content\/uploads\/2018\/12\/sc-281x300.png\" alt=\"\" width=\"183\" height=\"195\" srcset=\"https:\/\/camping-estonia.ee\/wp-content\/uploads\/2018\/12\/sc-281x300.png 281w, https:\/\/camping-estonia.ee\/wp-content\/uploads\/2018\/12\/sc-768x820.png 768w, https:\/\/camping-estonia.ee\/wp-content\/uploads\/2018\/12\/sc-959x1024.png 959w, https:\/\/camping-estonia.ee\/wp-content\/uploads\/2018\/12\/sc.png 1338w\" sizes=\"auto, (max-width: 183px) 100vw, 183px\" \/><\/a>[\/vc_column_text][\/vc_column][\/vc_row]<\/p>\n<\/div>","protected":false},"excerpt":{"rendered":"<p>[vc_row][vc_column][vc_empty_space][vc_custom_heading text=&#8220;AUS DEM ESTNISCHEN CAMPINGVERBAND&#8220; font_container=&#8220;tag:h2|text_align:center&#8220; use_theme_fonts=&#8220;yes&#8220; css=&#8220;&#8220;][vc_column_text css=&#8220;&#8220;] Der Estnische Campingverband vereint in der Republik Estland t\u00e4tige Campingpl\u00e4tze, die den vom Verband festgelegten Standards entsprechen. In erster Linie m\u00f6chte der Verband seinen Kunden eine qualitativ hochwertige Dienstleistung in den Campingpl\u00e4tzen seiner Mitglieder garantieren. Der Verband \u00fcberwacht durch eine entsprechende Kommission die Einhaltung der Campingstandards&hellip;<\/p>\n","protected":false},"author":1,"featured_media":0,"parent":0,"menu_order":0,"comment_status":"closed","ping_status":"closed","template":"templates\/homepage-fullwidth.php","meta":{"footnotes":""},"class_list":["post-3587","page","type-page","status-publish","hentry"],"_links":{"self":[{"href":"https:\/\/camping-estonia.ee\/de\/wp-json\/wp\/v2\/pages\/3587","targetHints":{"allow":["GET"]}}],"collection":[{"href":"https:\/\/camping-estonia.ee\/de\/wp-json\/wp\/v2\/pages"}],"about":[{"href":"https:\/\/camping-estonia.ee\/de\/wp-json\/wp\/v2\/types\/page"}],"author":[{"embeddable":true,"href":"https:\/\/camping-estonia.ee\/de\/wp-json\/wp\/v2\/users\/1"}],"replies":[{"embeddable":true,"href":"https:\/\/camping-estonia.ee\/de\/wp-json\/wp\/v2\/comments?post=3587"}],"version-history":[{"count":20,"href":"https:\/\/camping-estonia.ee\/de\/wp-json\/wp\/v2\/pages\/3587\/revisions"}],"predecessor-version":[{"id":5643,"href":"https:\/\/camping-estonia.ee\/de\/wp-json\/wp\/v2\/pages\/3587\/revisions\/5643"}],"wp:attachment":[{"href":"https:\/\/camping-estonia.ee\/de\/wp-json\/wp\/v2\/media?parent=3587"}],"curies":[{"name":"wp","href":"https:\/\/api.w.org\/{rel}","templated":true}]}}